{"id":156,"date":"2017-07-14T10:12:32","date_gmt":"2017-07-14T10:12:32","guid":{"rendered":"http:\/\/agosep.org.pe\/?page_id=156"},"modified":"2017-07-18T04:31:21","modified_gmt":"2017-07-18T04:31:21","slug":"beneficios","status":"publish","type":"page","link":"https:\/\/agosep.org.pe\/index.php\/beneficios\/","title":{"rendered":"Beneficios"},"content":{"rendered":"<p>Participaci\u00f3n en dos Torneos Mensuales, como meta, realizados en los diferentes Clubes de Golf de Lima y Provincia. Derecho a jugar en los Clubes de Golf de Lima y de Provincia, pagando Green Fee especiales.A trav\u00e9s del carnet de Asociado, tener acceso a convenios con diversas empresas. Intercambios con los diferentes clubes Sudamericanos a trav\u00e9s de contactos con los integrantes de los Consejos Directivos de las Asociaciones S\u00e9nior de los pa\u00edses de Sudam\u00e9rica.<\/p>\n<p><img decoding=\"async\" loading=\"lazy\" class=\"size-medium wp-image-485 aligncenter\" src=\"http:\/\/agosep.org.pe\/wp-content\/uploads\/2017\/07\/beneficio-300x175.jpg\" alt=\"\" width=\"300\" height=\"175\" srcset=\"https:\/\/agosep.org.pe\/wp-content\/uploads\/2017\/07\/beneficio-300x175.jpg 300w, https:\/\/agosep.org.pe\/wp-content\/uploads\/2017\/07\/beneficio-768x448.jpg 768w, https:\/\/agosep.org.pe\/wp-content\/uploads\/2017\/07\/beneficio-480x280.jpg 480w, https:\/\/agosep.org.pe\/wp-content\/uploads\/2017\/07\/beneficio-830x484.jpg 830w, https:\/\/agosep.org.pe\/wp-content\/uploads\/2017\/07\/beneficio-230x134.jpg 230w, https:\/\/agosep.org.pe\/wp-content\/uploads\/2017\/07\/beneficio-350x204.jpg 350w, https:\/\/agosep.org.pe\/wp-content\/uploads\/2017\/07\/beneficio.jpg 955w\" sizes=\"(max-width: 300px) 100vw, 300px\" \/><\/p>\n","protected":false},"excerpt":{"rendered":"<p>Participaci\u00f3n en dos Torneos Mensuales, como meta, realizados en los diferentes Clubes de Golf de Lima y Provincia. Derecho a jugar en [&hellip;]<\/p>\n","protected":false},"author":1,"featured_media":0,"parent":0,"menu_order":0,"comment_status":"closed","ping_status":"closed","template":"","meta":{"footnotes":""},"_links":{"self":[{"href":"https:\/\/agosep.org.pe\/index.php\/wp-json\/wp\/v2\/pages\/156"}],"collection":[{"href":"https:\/\/agosep.org.pe\/index.php\/wp-json\/wp\/v2\/pages"}],"about":[{"href":"https:\/\/agosep.org.pe\/index.php\/wp-json\/wp\/v2\/types\/page"}],"author":[{"embeddable":true,"href":"https:\/\/agosep.org.pe\/index.php\/wp-json\/wp\/v2\/users\/1"}],"replies":[{"embeddable":true,"href":"https:\/\/agosep.org.pe\/index.php\/wp-json\/wp\/v2\/comments?post=156"}],"version-history":[{"count":2,"href":"https:\/\/agosep.org.pe\/index.php\/wp-json\/wp\/v2\/pages\/156\/revisions"}],"predecessor-version":[{"id":530,"href":"https:\/\/agosep.org.pe\/index.php\/wp-json\/wp\/v2\/pages\/156\/revisions\/530"}],"wp:attachment":[{"href":"https:\/\/agosep.org.pe\/index.php\/wp-json\/wp\/v2\/media?parent=156"}],"curies":[{"name":"wp","href":"https:\/\/api.w.org\/{rel}","templated":true}]}}