{"id":152,"date":"2017-07-14T10:09:42","date_gmt":"2017-07-14T10:09:42","guid":{"rendered":"http:\/\/agosep.org.pe\/?page_id=152"},"modified":"2020-08-26T23:57:44","modified_gmt":"2020-08-26T23:57:44","slug":"bases-de-torneo","status":"publish","type":"page","link":"https:\/\/agosep.org.pe\/index.php\/bases-de-torneo\/","title":{"rendered":"Bases de Torneo"},"content":{"rendered":"<p style=\"text-align: center;\"><strong><u>Bases Generales Torneos Nacionales<\/u><\/strong><\/p>\n<p>1.- <strong><u>CATEGORIAS:<\/u><\/strong><\/p>\n<p>H\u00e1ndicap 0 &#8211; 15.<\/p>\n<p>H\u00e1ndicap 16 &#8211; 21.<\/p>\n<p>H\u00e1ndicap 22 &#8211; 26.<\/p>\n<p>H\u00e1ndicap 27 &#8211; 32.<\/p>\n<p>La Comisi\u00f3n de Torneos podr\u00e1 modificar los rangos de las categor\u00edas antes mencionadas, teniendo en consideraci\u00f3n la asistencia y los h\u00e1ndicaps de los Asociados asistentes.<\/p>\n<ol start=\"2\">\n<li><strong><u> &#8211; MODALIDAD:<\/u><\/strong><\/li>\n<\/ol>\n<p>Por designarse en cada torneo.<\/p>\n<p>Todas las categor\u00edas salen del tee amarillo o del tee senior, a menos que las condiciones del torneo designen otro tee de salida.<\/p>\n<ol start=\"3\">\n<li><strong><u> &#8211; PREMIOS: <\/u><\/strong><\/li>\n<\/ol>\n<p>Primer y Segundo lugar en cada categor\u00eda,<\/p>\n<p>Premio al mejor approach.<\/p>\n<p>Para tener derecho a premio, es requisito indispensable ser <strong><u>Asociado de Agosep.<\/u><\/strong><\/p>\n<ol start=\"4\">\n<li><strong><u> &#8211; INSCRIPCIONES: <\/u><\/strong><\/li>\n<\/ol>\n<p>El costo de la inscripci\u00f3n es de S\/. 120.00.<\/p>\n<p>Solo se permitir\u00e1 la participaci\u00f3n de los Asociados AGOSEP que est\u00e9n al d\u00eda en su cuota anual y tengan h\u00e1ndicap FPG activo para el mes del torneo y no tengan deuda pendiente con AGOSEP.<\/p>\n<p>Se recibir\u00e1n las inscripciones hasta las 09:00 a.m. del d\u00eda anterior a la realizaci\u00f3n del torneo, llamando a los tel\u00e9fonos <strong>3727300<\/strong> y <strong>952258088<\/strong> o enviando un e-mail a<em><strong> secretaria@agosep.org.pe.<\/strong><\/em> O <em><strong>torneoagosep@gmail.com<\/strong><\/em><\/p>\n<p>Aquellos Asociados que se inscriban y no asistan al torneo sin avisar, antes de las 12:00 horas del d\u00eda anterior a la realizaci\u00f3n del torneo, deber\u00e1n cancelar la mitad de la cuota de inscripci\u00f3n del torneo.<\/p>\n<p>Tambi\u00e9n podr\u00e1n participar los socios del club donde se desarrolla el torneo y que tengan 50 o m\u00e1s a\u00f1os.<\/p>\n<ol start=\"5\">\n<li><strong><u> &#8211; HANDICAP: <\/u><\/strong><\/li>\n<\/ol>\n<p>Se aplicar\u00e1n los h\u00e1ndicaps de la FPG del mes correspondiente a la fecha de realizaci\u00f3n del torneo, con los ajustes que la propia FPG haya efectuado en dicho mes.<\/p>\n<ol start=\"6\">\n<li><strong><u> &#8211; EMPATE:<\/u><\/strong><\/li>\n<\/ol>\n<p>Juego por Golpes (stroke play): Para cada categor\u00eda se desempatara por la suma del score neto de los \u00faltimos 9 hoyos (10-18) deduciendo la \u00bd del h\u00e1ndicap, \u00faltimos 6 hoyos (13-18) deduciendo 1\/3 del h\u00e1ndicap, \u00faltimos 3 hoyos (16-18) deduciendo 1\/6 del h\u00e1ndicap y el \u00faltimo hoyo (18) deduciendo 1\/18 del h\u00e1ndicap.<\/p>\n<p>Otra modalidad de juego: Se aplicara el mismo sistema de desempate pero aplicando el h\u00e1ndicap (stroke) correspondiente a cada hoyo.<\/p>\n<p>En caso la metodolog\u00eda de desempate aqu\u00ed mencionada no produjese un ganador, este se designara por sorteo.<\/p>\n<ol start=\"7\">\n<li><strong><u> &#8211; SISTEMA DE RANKING:<\/u><\/strong><\/li>\n<\/ol>\n<p>Este torneo es v\u00e1lido para el Sistema de Ranking de AGOSEP del a\u00f1o 2019 y para el Ranking de la Federaci\u00f3n Peruana de Golf.<\/p>\n<p>Los scores netos de cada torneo se ordenan del m\u00e1s bajo hasta el m\u00e1s alto. Al m\u00e1s bajo se le asigna 10 puntos, al siguiente 8 puntos y a los 6 restantes 6, 5, 4, 3, 2,1 puntos respectivamente. En caso de que dos o m\u00e1s jugadores tengan el mismo score neto, los puntos de los puestos se distribuyen por igual entre los empatados. Al final del \u00faltimo torneo del a\u00f1o calendario, el jugador que sume m\u00e1s puntos acumulados ser\u00e1 el Campe\u00f3n Anual de la Asociaci\u00f3n. En caso de empate se coronar\u00e1 campe\u00f3n el asociado que tenga el menor \u00edndice de la FPG, al primero de diciembre del a\u00f1o calendario.<\/p>\n<p><strong>Por acuerdo con la F.P.G., los torneo que se jueguen en cancha de\u00a0\u00a0 18 hoyos y se tenga un m\u00ednimo de 40 jugadores validaran para el ranking nacional de la F.PG.; m\u00e1ximo 10 torneos. <\/strong><\/p>\n<ol start=\"8\">\n<li><strong><u> &#8211; ETIQUETA: <\/u><\/strong><\/li>\n<\/ol>\n<p>La misma establecida por la FPG.<\/p>\n<p>Son de fiel cumplimiento las normas de etiqueta y sociales que sean aplicables a los socios del Club donde se juega el torneo.<\/p>\n<ol start=\"9\">\n<li><strong><u> &#8211; JUEGO LENTO:\u00a0\u00a0\u00a0\u00a0\u00a0\u00a0 <\/u><\/strong><\/li>\n<\/ol>\n<p>El juego ser\u00e1 continuado. No est\u00e1 permitido parar al finalizar los primeros 9 hoyos, salvo para adquirir alg\u00fan refresco o s\u00e1ndwich o para hacer uso de las instalaciones sanitarias, sin demorar el juego indebidamente.<\/p>\n<ol start=\"10\">\n<li><strong><u> &#8211; PARES TRES:<\/u><\/strong><\/li>\n<\/ol>\n<p>En los hoyos par 3, se recomienda permitir que los jugadores del grupo siguiente, peguen su tiro de salida, una vez que hayan marcado sus bolas en el green.<\/p>\n<ol start=\"11\">\n<li><strong><u> PREVENCIONES: <\/u><\/strong><\/li>\n<\/ol>\n<p>El uso de celulares debe de ser mesurado evitando molestar o incomodar a los dem\u00e1s jugadores del grupo, debiendo el equipo estar obligatoriamente en \u201cFUNCION VIBRAR\u201d.<\/p>\n<p><strong>Las categor\u00edas se mantendr\u00e1n en la medida que tengamos un m\u00ednimo de seis\u00a0\u00a0\u00a0\u00a0 (6) participantes en cada una. <\/strong><\/p>\n<p><strong>En caso de que una categor\u00eda hayan menos de ocho (8) participantes solo se entregar\u00e1 premio al primer lugar. <\/strong><\/p>\n<p>De haber demasiados jugadores, AGOSEP se reserva el derecho de limitar el n\u00famero de participantes. En caso de haber limitante se respetara estrictamente el orden de inscripci\u00f3n.<\/p>\n<p>Cualquier deficiencia o vac\u00edo que contengan las presentes Bases, ser\u00e1n corregidas o subsanadas por la Comisi\u00f3n de Torneos.<\/p>\n<ol start=\"12\">\n<li><strong><u> \u2013 REGLAS:<\/u><\/strong><\/li>\n<\/ol>\n<p>Se aplicaran las Reglas de Golf y Decisiones vigentes, de acuerdo a lo aprobado por R&amp;A.<\/p>\n<p>Son de estricta aplicaci\u00f3n las Reglas Locales del club donde se desarrolla el torneo.<\/p>\n<p>Cualquiera duda o consulta sobre la aplicaci\u00f3n de una Regla de golf, ser\u00e1 decidida por la Comisi\u00f3n de Torneos de Agosep, la que estar\u00e1 presidida por el Director de torneo de Agosep. Su decisi\u00f3n ser\u00e1 la \u00faltima instancia.<\/p>\n<p style=\"text-align: center;\">\u00a0<strong>Comisi\u00f3n de Torneos<\/strong><\/p>\n<p style=\"text-align: center;\"><strong>\u00a0 AGOSEP<\/strong><\/p>\n","protected":false},"excerpt":{"rendered":"<p>Bases Generales Torneos Nacionales 1.- CATEGORIAS: H\u00e1ndicap 0 &#8211; 15. H\u00e1ndicap 16 &#8211; 21. H\u00e1ndicap 22 &#8211; 26. H\u00e1ndicap 27 &#8211; 32. [&hellip;]<\/p>\n","protected":false},"author":1,"featured_media":0,"parent":0,"menu_order":0,"comment_status":"closed","ping_status":"closed","template":"","meta":{"footnotes":""},"_links":{"self":[{"href":"https:\/\/agosep.org.pe\/index.php\/wp-json\/wp\/v2\/pages\/152"}],"collection":[{"href":"https:\/\/agosep.org.pe\/index.php\/wp-json\/wp\/v2\/pages"}],"about":[{"href":"https:\/\/agosep.org.pe\/index.php\/wp-json\/wp\/v2\/types\/page"}],"author":[{"embeddable":true,"href":"https:\/\/agosep.org.pe\/index.php\/wp-json\/wp\/v2\/users\/1"}],"replies":[{"embeddable":true,"href":"https:\/\/agosep.org.pe\/index.php\/wp-json\/wp\/v2\/comments?post=152"}],"version-history":[{"count":6,"href":"https:\/\/agosep.org.pe\/index.php\/wp-json\/wp\/v2\/pages\/152\/revisions"}],"predecessor-version":[{"id":3836,"href":"https:\/\/agosep.org.pe\/index.php\/wp-json\/wp\/v2\/pages\/152\/revisions\/3836"}],"wp:attachment":[{"href":"https:\/\/agosep.org.pe\/index.php\/wp-json\/wp\/v2\/media?parent=152"}],"curies":[{"name":"wp","href":"https:\/\/api.w.org\/{rel}","templated":true}]}}